{"id":1296,"date":"2019-08-21T19:26:42","date_gmt":"2019-08-21T17:26:42","guid":{"rendered":"https:\/\/www.picoinspect.com\/?page_id=1296"},"modified":"2021-04-13T02:24:31","modified_gmt":"2021-04-13T00:24:31","slug":"legal-notice","status":"publish","type":"page","link":"https:\/\/www.picoinspect.com\/es\/legal-notice\/","title":{"rendered":"Aviso legal"},"content":{"rendered":"<div data-elementor-type=\"wp-post\" data-elementor-id=\"1296\" class=\"elementor elementor-1296\">\n\t\t\t\t\t\t<div class=\"elementor-inner\">\n\t\t\t\t<div class=\"elementor-section-wrap\">\n\t\t\t\t\t\t\t\t\t<section class=\"elementor-section elementor-top-section elementor-element elementor-element-3cd3ecc elementor-section-boxed elementor-section-height-default elementor-section-height-default\" data-id=\"3cd3ecc\" data-element_type=\"section\">\n\t\t\t\t\t\t<div class=\"elementor-container elementor-column-gap-default\">\n\t\t\t\t\t\t\t<div class=\"elementor-row\">\n\t\t\t\t\t<div class=\"elementor-column elementor-col-100 elementor-top-column elementor-element elementor-element-00e5754\" data-id=\"00e5754\" data-element_type=\"column\">\n\t\t\t<div class=\"elementor-column-wrap elementor-element-populated\">\n\t\t\t\t\t\t\t<div class=\"elementor-widget-wrap\">\n\t\t\t\t\t\t<div class=\"elementor-element elementor-element-966a276 elementor-widget elementor-widget-text-editor\" data-id=\"966a276\" data-element_type=\"widget\" data-widget_type=\"text-editor.default\">\n\t\t\t\t<div class=\"elementor-widget-container\">\n\t\t\t\t\t\t\t\t<div class=\"elementor-text-editor elementor-clearfix\">\n\t\t\t\t<p class=\"entry-title\">\u00a0<\/p><p class=\"entry-title\"><span style=\"font-size: 2rem; font-weight: 400;\">Aviso legal<\/span><\/p>\t\t\t\t\t<\/div>\n\t\t\t\t\t\t<\/div>\n\t\t\t\t<\/div>\n\t\t\t\t<div class=\"elementor-element elementor-element-1911679 elementor-widget elementor-widget-text-editor\" data-id=\"1911679\" data-element_type=\"widget\" data-widget_type=\"text-editor.default\">\n\t\t\t\t<div class=\"elementor-widget-container\">\n\t\t\t\t\t\t\t\t<div class=\"elementor-text-editor elementor-clearfix\">\n\t\t\t\t<p>La presente p\u00e1gina web pertenece a Picoinspect con NIF\/CIF ES24364354V y domicilio en Gran Via Marques del Turia, 60, 46005, Valencia, Espa\u00f1a, con correo electr\u00f3nico: <a href=\"mailto:info@picoinspect.com\">info@picoinspect.com<\/a>, y tiene por objeto informar al p\u00fablico en general de las actividades que realiza, los servicios que presta y de las caracter\u00edsticas de sus productos.<\/p><p><span style=\"font-size: 15px; font-style: normal; font-weight: 400;\">Picoinspect<\/span>\u00a0se reserva el derecho de efectuar, en cualquier momento y sin previo aviso, modificaciones de la informaci\u00f3n contenida en su p\u00e1gina web o en la configuraci\u00f3n y presentaci\u00f3n de esta.<\/p><p><span style=\"font-size: 15px; font-style: normal; font-weight: 400;\">Picoinspect<\/span>\u00a0no se hace responsable de las consecuencias, da\u00f1os o perjuicios debidos al acceso a esta p\u00e1gina web, uso de la informaci\u00f3n de la misma o acceso a otros contenidos en internet a trav\u00e9s de sus conexiones.<\/p><p>Los derechos de propiedad intelectual sobre todos los elementos incluidos en esta p\u00e1gina web, tales como, y a t\u00edtulo no limitativo, fotograf\u00edas, dise\u00f1os, melod\u00edas, aplicaciones y otros, pertenecen en exclusiva a\u00a0<span style=\"font-size: 15px; font-style: normal; font-weight: 400;\">Picoinspect<\/span>. El acceso a esta p\u00e1gina web no implica autorizaci\u00f3n para su utilizaci\u00f3n, pudi\u00e9ndose derivar de dicho uso no autorizado las correspondientes responsabilidades civiles y\/o penales.<\/p><p>Las eventuales referencias que se hagan en esta p\u00e1gina web a cualquier producto, servicio, proceso, enlace, hipertexto o cualquier informaci\u00f3n utilizando la marca, el nombre comercial o el fabricante o suministrador, etc. que sean titularidad de terceros no constituye o implica respaldo, patrocinio o recomendaci\u00f3n por parte de\u00a0<span style=\"font-size: 15px; font-style: normal; font-weight: 400;\">Picoinspect<\/span>.<\/p><p>Con car\u00e1cter general, las relaciones con nuestros clientes, que se deriven de la prestaci\u00f3n de los servicios contenidos en nuestra web, est\u00e1n sometidas a la legislaci\u00f3n y la jurisdicci\u00f3n espa\u00f1ola.<\/p>\t\t\t\t\t<\/div>\n\t\t\t\t\t\t<\/div>\n\t\t\t\t<\/div>\n\t\t\t\t\t\t<\/div>\n\t\t\t\t\t<\/div>\n\t\t<\/div>\n\t\t\t\t\t\t\t\t<\/div>\n\t\t\t\t\t<\/div>\n\t\t<\/section>\n\t\t\t\t\t\t\t\t\t<\/div>\n\t\t\t<\/div>\n\t\t\t\t\t<\/div>","protected":false},"excerpt":{"rendered":"<p>\u00a0 Legal Notice This website belongs to Picoinspect with NIF \/ CIF ES24364354V and address G. V. Marques del Turia, 60, 46005, Valencia, Spain, with email: info@picoinspect.com,\u00a0and aims to inform the general public of the activities it carries out, the services it provides and the characteristics of its products. Picoinspect\u00a0reserves the right to make changes, &hellip;<\/p>\n<p class=\"read-more\"> <a class=\"\" href=\"https:\/\/www.picoinspect.com\/es\/legal-notice\/\"> <span class=\"screen-reader-text\">Aviso legal<\/span> Leer m\u00e1s &raquo;<\/a><\/p>","protected":false},"author":1,"featured_media":0,"parent":0,"menu_order":0,"comment_status":"closed","ping_status":"closed","template":"","meta":{"site-sidebar-layout":"no-sidebar","site-content-layout":"page-builder","ast-global-header-display":"","ast-main-header-display":"","ast-hfb-above-header-display":"","ast-hfb-below-header-display":"","ast-hfb-mobile-header-display":"","site-post-title":"disabled","ast-breadcrumbs-content":"","ast-featured-img":"disabled","footer-sml-layout":"","theme-transparent-header-meta":"default","adv-header-id-meta":"","stick-header-meta":"","header-above-stick-meta":"","header-main-stick-meta":"","header-below-stick-meta":""},"yoast_head":"<!-- This site is optimized with the Yoast SEO plugin v20.0 - https:\/\/yoast.com\/wordpress\/plugins\/seo\/ -->\n<title>Legal Notice - Picoinspect<\/title>\n<meta name=\"robots\" content=\"index, follow, max-snippet:-1, max-image-preview:large, max-video-preview:-1\" \/>\n<link rel=\"canonical\" href=\"https:\/\/www.picoinspect.com\/es\/legal-notice\/\" \/>\n<meta property=\"og:locale\" content=\"es_ES\" \/>\n<meta property=\"og:type\" content=\"article\" \/>\n<meta property=\"og:title\" content=\"Legal Notice - Picoinspect\" \/>\n<meta property=\"og:description\" content=\"\u00a0 Legal Notice This website belongs to Picoinspect with NIF \/ CIF ES24364354V and address G. V. Marques del Turia, 60, 46005, Valencia, Spain, with email: info@picoinspect.com,\u00a0and aims to inform the general public of the activities it carries out, the services it provides and the characteristics of its products. Picoinspect\u00a0reserves the right to make changes, &hellip; Legal Notice Leer m\u00e1s &raquo;\" \/>\n<meta property=\"og:url\" content=\"https:\/\/www.picoinspect.com\/es\/legal-notice\/\" \/>\n<meta property=\"og:site_name\" content=\"Picoinspect\" \/>\n<meta property=\"article:modified_time\" content=\"2021-04-13T00:24:31+00:00\" \/>\n<meta name=\"twitter:card\" content=\"summary_large_image\" \/>\n<meta name=\"twitter:label1\" content=\"Tiempo de lectura\" \/>\n\t<meta name=\"twitter:data1\" content=\"1 minuto\" \/>\n<script type=\"application\/ld+json\" class=\"yoast-schema-graph\">{\"@context\":\"https:\/\/schema.org\",\"@graph\":[{\"@type\":\"WebPage\",\"@id\":\"https:\/\/www.picoinspect.com\/legal-notice\/\",\"url\":\"https:\/\/www.picoinspect.com\/legal-notice\/\",\"name\":\"Legal Notice - Picoinspect\",\"isPartOf\":{\"@id\":\"https:\/\/www.picoinspect.com\/#website\"},\"datePublished\":\"2019-08-21T17:26:42+00:00\",\"dateModified\":\"2021-04-13T00:24:31+00:00\",\"breadcrumb\":{\"@id\":\"https:\/\/www.picoinspect.com\/legal-notice\/#breadcrumb\"},\"inLanguage\":\"es\",\"potentialAction\":[{\"@type\":\"ReadAction\",\"target\":[\"https:\/\/www.picoinspect.com\/legal-notice\/\"]}]},{\"@type\":\"BreadcrumbList\",\"@id\":\"https:\/\/www.picoinspect.com\/legal-notice\/#breadcrumb\",\"itemListElement\":[{\"@type\":\"ListItem\",\"position\":1,\"name\":\"Home\",\"item\":\"https:\/\/www.picoinspect.com\/\"},{\"@type\":\"ListItem\",\"position\":2,\"name\":\"Legal Notice\"}]},{\"@type\":\"WebSite\",\"@id\":\"https:\/\/www.picoinspect.com\/#website\",\"url\":\"https:\/\/www.picoinspect.com\/\",\"name\":\"Picoinspect\",\"description\":\"Automation and Machine Vision\",\"publisher\":{\"@id\":\"https:\/\/www.picoinspect.com\/#organization\"},\"potentialAction\":[{\"@type\":\"SearchAction\",\"target\":{\"@type\":\"EntryPoint\",\"urlTemplate\":\"https:\/\/www.picoinspect.com\/?s={search_term_string}\"},\"query-input\":\"required name=search_term_string\"}],\"inLanguage\":\"es\"},{\"@type\":\"Organization\",\"@id\":\"https:\/\/www.picoinspect.com\/#organization\",\"name\":\"Picoinspect\",\"url\":\"https:\/\/www.picoinspect.com\/\",\"logo\":{\"@type\":\"ImageObject\",\"inLanguage\":\"es\",\"@id\":\"https:\/\/www.picoinspect.com\/#\/schema\/logo\/image\/\",\"url\":\"https:\/\/www.picoinspect.com\/wp-content\/uploads\/2019\/02\/cropped-picoinspect_v2-4.png\",\"contentUrl\":\"https:\/\/www.picoinspect.com\/wp-content\/uploads\/2019\/02\/cropped-picoinspect_v2-4.png\",\"width\":808,\"height\":215,\"caption\":\"Picoinspect\"},\"image\":{\"@id\":\"https:\/\/www.picoinspect.com\/#\/schema\/logo\/image\/\"}}]}<\/script>\n<!-- \/ Yoast SEO plugin. -->","yoast_head_json":{"title":"Legal Notice - Picoinspect","robots":{"index":"index","follow":"follow","max-snippet":"max-snippet:-1","max-image-preview":"max-image-preview:large","max-video-preview":"max-video-preview:-1"},"canonical":"https:\/\/www.picoinspect.com\/es\/legal-notice\/","og_locale":"es_ES","og_type":"article","og_title":"Legal Notice - Picoinspect","og_description":"\u00a0 Legal Notice This website belongs to Picoinspect with NIF \/ CIF ES24364354V and address G. V. Marques del Turia, 60, 46005, Valencia, Spain, with email: info@picoinspect.com,\u00a0and aims to inform the general public of the activities it carries out, the services it provides and the characteristics of its products. Picoinspect\u00a0reserves the right to make changes, &hellip; Legal Notice Leer m\u00e1s &raquo;","og_url":"https:\/\/www.picoinspect.com\/es\/legal-notice\/","og_site_name":"Picoinspect","article_modified_time":"2021-04-13T00:24:31+00:00","twitter_card":"summary_large_image","twitter_misc":{"Tiempo de lectura":"1 minuto"},"schema":{"@context":"https:\/\/schema.org","@graph":[{"@type":"WebPage","@id":"https:\/\/www.picoinspect.com\/legal-notice\/","url":"https:\/\/www.picoinspect.com\/legal-notice\/","name":"Legal Notice - Picoinspect","isPartOf":{"@id":"https:\/\/www.picoinspect.com\/#website"},"datePublished":"2019-08-21T17:26:42+00:00","dateModified":"2021-04-13T00:24:31+00:00","breadcrumb":{"@id":"https:\/\/www.picoinspect.com\/legal-notice\/#breadcrumb"},"inLanguage":"es","potentialAction":[{"@type":"ReadAction","target":["https:\/\/www.picoinspect.com\/legal-notice\/"]}]},{"@type":"BreadcrumbList","@id":"https:\/\/www.picoinspect.com\/legal-notice\/#breadcrumb","itemListElement":[{"@type":"ListItem","position":1,"name":"Home","item":"https:\/\/www.picoinspect.com\/"},{"@type":"ListItem","position":2,"name":"Legal Notice"}]},{"@type":"WebSite","@id":"https:\/\/www.picoinspect.com\/#website","url":"https:\/\/www.picoinspect.com\/","name":"Picoinspect","description":"Automation and Machine Vision","publisher":{"@id":"https:\/\/www.picoinspect.com\/#organization"},"potentialAction":[{"@type":"SearchAction","target":{"@type":"EntryPoint","urlTemplate":"https:\/\/www.picoinspect.com\/?s={search_term_string}"},"query-input":"required name=search_term_string"}],"inLanguage":"es"},{"@type":"Organization","@id":"https:\/\/www.picoinspect.com\/#organization","name":"Picoinspect","url":"https:\/\/www.picoinspect.com\/","logo":{"@type":"ImageObject","inLanguage":"es","@id":"https:\/\/www.picoinspect.com\/#\/schema\/logo\/image\/","url":"https:\/\/www.picoinspect.com\/wp-content\/uploads\/2019\/02\/cropped-picoinspect_v2-4.png","contentUrl":"https:\/\/www.picoinspect.com\/wp-content\/uploads\/2019\/02\/cropped-picoinspect_v2-4.png","width":808,"height":215,"caption":"Picoinspect"},"image":{"@id":"https:\/\/www.picoinspect.com\/#\/schema\/logo\/image\/"}}]}},"_links":{"self":[{"href":"https:\/\/www.picoinspect.com\/es\/wp-json\/wp\/v2\/pages\/1296"}],"collection":[{"href":"https:\/\/www.picoinspect.com\/es\/wp-json\/wp\/v2\/pages"}],"about":[{"href":"https:\/\/www.picoinspect.com\/es\/wp-json\/wp\/v2\/types\/page"}],"author":[{"embeddable":true,"href":"https:\/\/www.picoinspect.com\/es\/wp-json\/wp\/v2\/users\/1"}],"replies":[{"embeddable":true,"href":"https:\/\/www.picoinspect.com\/es\/wp-json\/wp\/v2\/comments?post=1296"}],"version-history":[{"count":13,"href":"https:\/\/www.picoinspect.com\/es\/wp-json\/wp\/v2\/pages\/1296\/revisions"}],"predecessor-version":[{"id":1971,"href":"https:\/\/www.picoinspect.com\/es\/wp-json\/wp\/v2\/pages\/1296\/revisions\/1971"}],"wp:attachment":[{"href":"https:\/\/www.picoinspect.com\/es\/wp-json\/wp\/v2\/media?parent=1296"}],"curies":[{"name":"wp","href":"https:\/\/api.w.org\/{rel}","templated":true}]}}